{"id":96,"date":"2021-12-26T17:35:27","date_gmt":"2021-12-26T16:35:27","guid":{"rendered":"https:\/\/ladigue18.com\/?page_id=96"},"modified":"2025-04-22T22:45:48","modified_gmt":"2025-04-22T20:45:48","slug":"contact","status":"publish","type":"page","link":"https:\/\/ladigue18.com\/en\/contact\/","title":{"rendered":"Contact"},"content":{"rendered":"<p>[et_pb_section fb_built=\u00a0\u00bb1&Prime; custom_padding_last_edited=\u00a0\u00bbon|desktop\u00a0\u00bb admin_label=\u00a0\u00bbPAGE TITLE\u00a0\u00bb _builder_version=\u00a0\u00bb4.20.0&Prime; _module_preset=\u00a0\u00bbdefault\u00a0\u00bb background_color=\u00a0\u00bb#000000&Prime; z_index=\u00a0\u00bb3&Prime; custom_padding=\u00a0\u00bb96px||0px||false|false\u00a0\u00bb custom_padding_tablet=\u00a0\u00bb96px||0px||false|false\u00a0\u00bb custom_padding_phone=\u00a0\u00bb96px||0px||false|false\u00a0\u00bb global_colors_info=\u00a0\u00bb{}\u00a0\u00bb][et_pb_row custom_padding_last_edited=\u00a0\u00bbon|desktop\u00a0\u00bb _builder_version=\u00a0\u00bb4.20.0&Prime; _module_preset=\u00a0\u00bbdefault\u00a0\u00bb module_alignment=\u00a0\u00bbcenter\u00a0\u00bb custom_padding_tablet=\u00a0\u00bb0px|0px|0px|0px|true|true\u00a0\u00bb custom_padding_phone=\u00a0\u00bb0px|0px|0px|0px|true|true\u00a0\u00bb global_colors_info=\u00a0\u00bb{}\u00a0\u00bb][et_pb_column type=\u00a0\u00bb4_4&Prime; _builder_version=\u00a0\u00bb4.20.0&Prime; _module_preset=\u00a0\u00bbdefault\u00a0\u00bb global_colors_info=\u00a0\u00bb{}\u00a0\u00bb][et_pb_text _builder_version=\u00a0\u00bb4.20.0&Prime; _module_preset=\u00a0\u00bbdefault\u00a0\u00bb text_font=\u00a0\u00bbPhosphate Solid||||||||\u00a0\u00bb text_text_color=\u00a0\u00bb#F04A00&Prime; text_font_size=\u00a0\u00bb56px\u00a0\u00bb header_font=\u00a0\u00bb|700||on|||||\u00a0\u00bb header_text_align=\u00a0\u00bbcenter\u00a0\u00bb header_text_color=\u00a0\u00bb#F04A00&Prime; module_alignment=\u00a0\u00bbcenter\u00a0\u00bb global_colors_info=\u00a0\u00bb{}\u00a0\u00bb]<\/p>\n<h1 style=\"text-align: center;\">Contact<\/h1>\n<p>[\/et_pb_text][\/et_pb_column][\/et_pb_row][\/et_pb_section][et_pb_section fb_built=\u00a0\u00bb1&Prime; _builder_version=\u00a0\u00bb4.20.0&Prime; _module_preset=\u00a0\u00bbdefault\u00a0\u00bb background_color=\u00a0\u00bb#000000&Prime; z_index=\u00a0\u00bb3&Prime; custom_padding=\u00a0\u00bb16px||||false|false\u00a0\u00bb global_colors_info=\u00a0\u00bb{}\u00a0\u00bb][et_pb_row column_structure=\u00a0\u00bb1_4,3_4&Prime; custom_padding_last_edited=\u00a0\u00bbon|desktop\u00a0\u00bb _builder_version=\u00a0\u00bb4.20.0&Prime; _module_preset=\u00a0\u00bbdefault\u00a0\u00bb max_width=\u00a0\u00bb960px\u00a0\u00bb custom_padding=\u00a0\u00bb||66px||false|false\u00a0\u00bb custom_padding_tablet=\u00a0\u00bb||32px||false|false\u00a0\u00bb custom_padding_phone=\u00a0\u00bb||16px||false|false\u00a0\u00bb custom_css_main_element=\u00a0\u00bbdisplay: flex;||align-items: center;\u00a0\u00bb global_colors_info=\u00a0\u00bb{}\u00a0\u00bb custom_css_main_element_last_edited=\u00a0\u00bbon|tablet\u00a0\u00bb custom_css_main_element_phone=\u00a0\u00bbdisplay: flex;||flex-direction: column-reverse;\u00a0\u00bb custom_css_main_element_tablet=\u00a0\u00bbdisplay: flex;||align-items: center;\u00a0\u00bb][et_pb_column type=\u00a0\u00bb1_4&Prime; _builder_version=\u00a0\u00bb4.20.0&Prime; _module_preset=\u00a0\u00bbdefault\u00a0\u00bb global_colors_info=\u00a0\u00bb{}\u00a0\u00bb custom_css_main_element_last_edited=\u00a0\u00bbon|tablet\u00a0\u00bb custom_css_main_element_tablet=\u00a0\u00bbwidth: 25%;\u00a0\u00bb custom_css_main_element_phone=\u00a0\u00bbwidth: 25%;\u00a0\u00bb][et_pb_image src=\u00a0\u00bbhttps:\/\/ladigue18.com\/wp-content\/uploads\/2023\/03\/music.png\u00a0\u00bb title_text=\u00a0\u00bbmusic\u00a0\u00bb align=\u00a0\u00bbcenter\u00a0\u00bb _builder_version=\u00a0\u00bb4.20.0&Prime; _module_preset=\u00a0\u00bbdefault\u00a0\u00bb width=\u00a0\u00bb80px\u00a0\u00bb max_width=\u00a0\u00bb80px\u00a0\u00bb max_width_tablet=\u00a0\u00bb80px\u00a0\u00bb max_width_phone=\u00a0\u00bb56px\u00a0\u00bb max_width_last_edited=\u00a0\u00bbon|phone\u00a0\u00bb module_alignment=\u00a0\u00bbcenter\u00a0\u00bb custom_margin_tablet=\u00a0\u00bb\u00a0\u00bb custom_margin_phone=\u00a0\u00bb||||false|false\u00a0\u00bb custom_margin_last_edited=\u00a0\u00bbon|phone\u00a0\u00bb global_colors_info=\u00a0\u00bb{}\u00a0\u00bb][\/et_pb_image][\/et_pb_column][et_pb_column type=\u00a0\u00bb3_4&Prime; _builder_version=\u00a0\u00bb4.20.0&Prime; _module_preset=\u00a0\u00bbdefault\u00a0\u00bb global_colors_info=\u00a0\u00bb{}\u00a0\u00bb][et_pb_text _builder_version=\u00a0\u00bb4.20.2&Prime; _module_preset=\u00a0\u00bbdefault\u00a0\u00bb custom_margin=\u00a0\u00bb||0px||false|false\u00a0\u00bb custom_margin_tablet=\u00a0\u00bb||0px||false|false\u00a0\u00bb custom_margin_phone=\u00a0\u00bb||32px||false|false\u00a0\u00bb custom_margin_last_edited=\u00a0\u00bbon|phone\u00a0\u00bb global_colors_info=\u00a0\u00bb{}\u00a0\u00bb]<\/p>\n<p>La Digue 18 vous accueille dans ses locaux <a href=\"https:\/\/www.google.com\/maps\/search\/Route+de+la+Digue+8,+1870+Monthey,+Suisse\/@46.274896,6.9601452,18.16z\" target=\"_blank\" rel=\"noopener\">route de la Digue 8 \u00e0 Monthey (1870), en Suisse.<\/a><\/p>\n<p>D&rsquo;acc\u00e8s facile, le studio est \u00e0 2 minute de la sortie d&rsquo;autoroute Monthey\/Saint-Triphon. \u00c9galement accessible en train depuis la gare AOMC qui relie Aigle \u00e0 Monthey et Champ\u00e9ry (Portes du Soleil).<\/p>\n<p>Pour toute question ou demande de r\u00e9servation, <span style=\"color: #fbbf24;\">laissez-nous un petit message ! <\/span>Nous vous r\u00e9pondrons dans les meilleurs d\u00e9lais.<\/p>\n<p>[\/et_pb_text][\/et_pb_column][\/et_pb_row][et_pb_row column_structure=\u00a0\u00bb1_2,1_2&Prime; make_equal=\u00a0\u00bbon\u00a0\u00bb _builder_version=\u00a0\u00bb4.27.4&Prime; _module_preset=\u00a0\u00bbdefault\u00a0\u00bb max_width=\u00a0\u00bb1024px\u00a0\u00bb hover_enabled=\u00a0\u00bb0&Prime; custom_css_main_element=\u00a0\u00bbdisplay: flex;||align-items: stretch;\u00a0\u00bb global_colors_info=\u00a0\u00bb{}\u00a0\u00bb custom_css_main_element_last_edited=\u00a0\u00bbon|desktop\u00a0\u00bb custom_css_main_element_phone=\u00a0\u00bbdisplay: flex;||align-items: stretch;||flex-direction: column;\u00a0\u00bb custom_css_main_element_tablet=\u00a0\u00bbdisplay: flex;||align-items: stretch;||flex-direction: column;\u00a0\u00bb sticky_enabled=\u00a0\u00bb0&Prime;][et_pb_column type=\u00a0\u00bb1_2&Prime; _builder_version=\u00a0\u00bb4.20.0&Prime; _module_preset=\u00a0\u00bbdefault\u00a0\u00bb global_colors_info=\u00a0\u00bb{}\u00a0\u00bb][et_pb_contact_form email=\u00a0\u00bbcontact@ladigue18.com\u00a0\u00bb custom_message=\u00a0\u00bbBonjour, vous avez re\u00e7u un nouveau message d&rsquo;un utilisateur sur le site de la digue 18.||et_pb_line_break_holder||||et_pb_line_break_holder||Nom : %%name%%||et_pb_line_break_holder||Adresse email : %%email%%||et_pb_line_break_holder||T\u00e9l\u00e9phone : %%phone%%||et_pb_line_break_holder||||et_pb_line_break_holder||%%message%%\u00a0\u00bb success_message=\u00a0\u00bbMerci ! Nous vous recontacterons dans les meilleurs d\u00e9lais.\u00a0\u00bb submit_button_text=\u00a0\u00bbEnvoyer\u00a0\u00bb admin_label=\u00a0\u00bbFormulaire de contact\u00a0\u00bb _builder_version=\u00a0\u00bb4.27.4&Prime; _module_preset=\u00a0\u00bbdefault\u00a0\u00bb _unique_id=\u00a0\u00bbd9b9eeb7-0a9b-4814-ba33-559c13671268&Prime; background_color=\u00a0\u00bb#000000&Prime; custom_margin_tablet=\u00a0\u00bb||64px||false|false\u00a0\u00bb custom_margin_phone=\u00a0\u00bb||32px||false|false\u00a0\u00bb custom_margin_last_edited=\u00a0\u00bbon|phone\u00a0\u00bb hover_enabled=\u00a0\u00bb0&Prime; box_shadow_style=\u00a0\u00bbpreset6&Prime; box_shadow_blur=\u00a0\u00bb10px\u00a0\u00bb global_colors_info=\u00a0\u00bb{}\u00a0\u00bb box_shadow_horizontal__hover_enabled=\u00a0\u00bboff|desktop\u00a0\u00bb sticky_enabled=\u00a0\u00bb0&Prime;][et_pb_contact_field field_id=\u00a0\u00bbname\u00a0\u00bb field_title=\u00a0\u00bbNom\u00a0\u00bb min_length=\u00a0\u00bb1&Prime; allowed_symbols=\u00a0\u00bbletters\u00a0\u00bb fullwidth_field=\u00a0\u00bbon\u00a0\u00bb _builder_version=\u00a0\u00bb4.20.2&Prime; form_field_background_color=\u00a0\u00bb#1f1f1f\u00a0\u00bb form_field_text_color=\u00a0\u00bb#828282&Prime; form_field_focus_background_color=\u00a0\u00bb#F04A00&Prime; form_field_focus_text_color=\u00a0\u00bb#FFFFFF\u00a0\u00bb form_field_font_size=\u00a0\u00bb16px\u00a0\u00bb border_radii=\u00a0\u00bbon|8px|8px|8px|8px\u00a0\u00bb global_colors_info=\u00a0\u00bb{}\u00a0\u00bb button_text_size__hover_enabled=\u00a0\u00bboff\u00a0\u00bb button_one_text_size__hover_enabled=\u00a0\u00bboff\u00a0\u00bb button_two_text_size__hover_enabled=\u00a0\u00bboff\u00a0\u00bb button_text_color__hover_enabled=\u00a0\u00bboff\u00a0\u00bb button_one_text_color__hover_enabled=\u00a0\u00bboff\u00a0\u00bb button_two_text_color__hover_enabled=\u00a0\u00bboff\u00a0\u00bb button_border_width__hover_enabled=\u00a0\u00bboff\u00a0\u00bb button_one_border_width__hover_enabled=\u00a0\u00bboff\u00a0\u00bb button_two_border_width__hover_enabled=\u00a0\u00bboff\u00a0\u00bb button_border_color__hover_enabled=\u00a0\u00bboff\u00a0\u00bb button_one_border_color__hover_enabled=\u00a0\u00bboff\u00a0\u00bb button_two_border_color__hover_enabled=\u00a0\u00bboff\u00a0\u00bb button_border_radius__hover_enabled=\u00a0\u00bboff\u00a0\u00bb button_one_border_radius__hover_enabled=\u00a0\u00bboff\u00a0\u00bb button_two_border_radius__hover_enabled=\u00a0\u00bboff\u00a0\u00bb button_letter_spacing__hover_enabled=\u00a0\u00bboff\u00a0\u00bb button_one_letter_spacing__hover_enabled=\u00a0\u00bboff\u00a0\u00bb button_two_letter_spacing__hover_enabled=\u00a0\u00bboff\u00a0\u00bb button_bg_color__hover_enabled=\u00a0\u00bboff\u00a0\u00bb button_one_bg_color__hover_enabled=\u00a0\u00bboff\u00a0\u00bb button_two_bg_color__hover_enabled=\u00a0\u00bboff\u00a0\u00bb][\/et_pb_contact_field][et_pb_contact_field field_id=\u00a0\u00bbphone\u00a0\u00bb field_title=\u00a0\u00bbT\u00e9l\u00e9phone (facultatif)\u00a0\u00bb min_length=\u00a0\u00bb9&Prime; required_mark=\u00a0\u00bboff\u00a0\u00bb fullwidth_field=\u00a0\u00bbon\u00a0\u00bb _builder_version=\u00a0\u00bb4.20.2&Prime; _module_preset=\u00a0\u00bbdefault\u00a0\u00bb form_field_background_color=\u00a0\u00bb#1f1f1f\u00a0\u00bb form_field_text_color=\u00a0\u00bb#828282&Prime; form_field_focus_background_color=\u00a0\u00bb#F04A00&Prime; form_field_focus_text_color=\u00a0\u00bb#FFFFFF\u00a0\u00bb form_field_font_size=\u00a0\u00bb16px\u00a0\u00bb border_radii=\u00a0\u00bbon|8px|8px|8px|8px\u00a0\u00bb global_colors_info=\u00a0\u00bb{}\u00a0\u00bb][\/et_pb_contact_field][et_pb_contact_field field_id=\u00a0\u00bbemail\u00a0\u00bb field_title=\u00a0\u00bbEmail\u00a0\u00bb field_type=\u00a0\u00bbemail\u00a0\u00bb fullwidth_field=\u00a0\u00bbon\u00a0\u00bb _builder_version=\u00a0\u00bb4.20.0&Prime; form_field_background_color=\u00a0\u00bb#1f1f1f\u00a0\u00bb form_field_text_color=\u00a0\u00bb#828282&Prime; form_field_focus_background_color=\u00a0\u00bb#F04A00&Prime; form_field_focus_text_color=\u00a0\u00bb#FFFFFF\u00a0\u00bb form_field_font_size=\u00a0\u00bb16px\u00a0\u00bb border_radii=\u00a0\u00bbon|8px|8px|8px|8px\u00a0\u00bb global_colors_info=\u00a0\u00bb{}\u00a0\u00bb button_text_size__hover_enabled=\u00a0\u00bboff\u00a0\u00bb button_one_text_size__hover_enabled=\u00a0\u00bboff\u00a0\u00bb button_two_text_size__hover_enabled=\u00a0\u00bboff\u00a0\u00bb button_text_color__hover_enabled=\u00a0\u00bboff\u00a0\u00bb button_one_text_color__hover_enabled=\u00a0\u00bboff\u00a0\u00bb button_two_text_color__hover_enabled=\u00a0\u00bboff\u00a0\u00bb button_border_width__hover_enabled=\u00a0\u00bboff\u00a0\u00bb button_one_border_width__hover_enabled=\u00a0\u00bboff\u00a0\u00bb button_two_border_width__hover_enabled=\u00a0\u00bboff\u00a0\u00bb button_border_color__hover_enabled=\u00a0\u00bboff\u00a0\u00bb button_one_border_color__hover_enabled=\u00a0\u00bboff\u00a0\u00bb button_two_border_color__hover_enabled=\u00a0\u00bboff\u00a0\u00bb button_border_radius__hover_enabled=\u00a0\u00bboff\u00a0\u00bb button_one_border_radius__hover_enabled=\u00a0\u00bboff\u00a0\u00bb button_two_border_radius__hover_enabled=\u00a0\u00bboff\u00a0\u00bb button_letter_spacing__hover_enabled=\u00a0\u00bboff\u00a0\u00bb button_one_letter_spacing__hover_enabled=\u00a0\u00bboff\u00a0\u00bb button_two_letter_spacing__hover_enabled=\u00a0\u00bboff\u00a0\u00bb button_bg_color__hover_enabled=\u00a0\u00bboff\u00a0\u00bb button_one_bg_color__hover_enabled=\u00a0\u00bboff\u00a0\u00bb button_two_bg_color__hover_enabled=\u00a0\u00bboff\u00a0\u00bb][\/et_pb_contact_field][et_pb_contact_field field_id=\u00a0\u00bbmessage\u00a0\u00bb field_title=\u00a0\u00bbVotre message\u00a0\u00bb field_type=\u00a0\u00bbtext\u00a0\u00bb fullwidth_field=\u00a0\u00bbon\u00a0\u00bb _builder_version=\u00a0\u00bb4.20.0&Prime; form_field_background_color=\u00a0\u00bb#1f1f1f\u00a0\u00bb form_field_text_color=\u00a0\u00bb#828282&Prime; form_field_focus_background_color=\u00a0\u00bb#F04A00&Prime; form_field_focus_text_color=\u00a0\u00bb#FFFFFF\u00a0\u00bb form_field_font_size=\u00a0\u00bb16px\u00a0\u00bb min_height=\u00a0\u00bb336px\u00a0\u00bb border_radii=\u00a0\u00bbon|8px|8px|8px|8px\u00a0\u00bb global_colors_info=\u00a0\u00bb{}\u00a0\u00bb button_text_size__hover_enabled=\u00a0\u00bboff\u00a0\u00bb button_one_text_size__hover_enabled=\u00a0\u00bboff\u00a0\u00bb button_two_text_size__hover_enabled=\u00a0\u00bboff\u00a0\u00bb button_text_color__hover_enabled=\u00a0\u00bboff\u00a0\u00bb button_one_text_color__hover_enabled=\u00a0\u00bboff\u00a0\u00bb button_two_text_color__hover_enabled=\u00a0\u00bboff\u00a0\u00bb button_border_width__hover_enabled=\u00a0\u00bboff\u00a0\u00bb button_one_border_width__hover_enabled=\u00a0\u00bboff\u00a0\u00bb button_two_border_width__hover_enabled=\u00a0\u00bboff\u00a0\u00bb button_border_color__hover_enabled=\u00a0\u00bboff\u00a0\u00bb button_one_border_color__hover_enabled=\u00a0\u00bboff\u00a0\u00bb button_two_border_color__hover_enabled=\u00a0\u00bboff\u00a0\u00bb button_border_radius__hover_enabled=\u00a0\u00bboff\u00a0\u00bb button_one_border_radius__hover_enabled=\u00a0\u00bboff\u00a0\u00bb button_two_border_radius__hover_enabled=\u00a0\u00bboff\u00a0\u00bb button_letter_spacing__hover_enabled=\u00a0\u00bboff\u00a0\u00bb button_one_letter_spacing__hover_enabled=\u00a0\u00bboff\u00a0\u00bb button_two_letter_spacing__hover_enabled=\u00a0\u00bboff\u00a0\u00bb button_bg_color__hover_enabled=\u00a0\u00bboff\u00a0\u00bb button_one_bg_color__hover_enabled=\u00a0\u00bboff\u00a0\u00bb button_two_bg_color__hover_enabled=\u00a0\u00bboff\u00a0\u00bb][\/et_pb_contact_field][\/et_pb_contact_form][\/et_pb_column][et_pb_column type=\u00a0\u00bb1_2&Prime; module_class=\u00a0\u00bbpa-full-height-image-column\u00a0\u00bb _builder_version=\u00a0\u00bb4.20.0&Prime; _module_preset=\u00a0\u00bbdefault\u00a0\u00bb global_colors_info=\u00a0\u00bb{}\u00a0\u00bb][et_pb_image src=\u00a0\u00bbhttps:\/\/ladigue18.com\/wp-content\/uploads\/2023\/03\/la-digue-18-monthey-suisse.jpg\u00a0\u00bb alt=\u00a0\u00bbLocaux de la Digue 18 &#8211; Monthey &#8211; Suisse\u00a0\u00bb title_text=\u00a0\u00bbLocaux de la Digue 18 \u00e0 Monthey, en Suisse\u00a0\u00bb _builder_version=\u00a0\u00bb4.20.2&Prime; _module_preset=\u00a0\u00bbdefault\u00a0\u00bb height=\u00a0\u00bb100%\u00a0\u00bb global_colors_info=\u00a0\u00bb{}\u00a0\u00bb][\/et_pb_image][\/et_pb_column][\/et_pb_row][et_pb_row _builder_version=\u00a0\u00bb4.20.0&Prime; _module_preset=\u00a0\u00bbdefault\u00a0\u00bb global_colors_info=\u00a0\u00bb{}\u00a0\u00bb][et_pb_column type=\u00a0\u00bb4_4&Prime; _builder_version=\u00a0\u00bb4.20.0&Prime; _module_preset=\u00a0\u00bbdefault\u00a0\u00bb global_colors_info=\u00a0\u00bb{}\u00a0\u00bb][et_pb_image src=\u00a0\u00bbhttps:\/\/ladigue18.com\/wp-content\/uploads\/2023\/03\/la-digue-18-monthey-suisse-plan-contact.jpg\u00a0\u00bb alt=\u00a0\u00bbContact et plan d&rsquo;acc\u00e8s \u00e0 la Digue 18 &#8211; Monthey &#8211; Suisse\u00a0\u00bb title_text=\u00a0\u00bbContact et plan d&rsquo;acc\u00e8s \u00e0 la Digue 18 &#8211; Monthey &#8211; Suisse\u00a0\u00bb url=\u00a0\u00bbhttps:\/\/www.google.com\/maps\/search\/Route+de+la+Digue+8,+1870+Monthey,+Suisse\/@46.2747838,6.9601224,18.31z\u00a0\u00bb url_new_window=\u00a0\u00bbon\u00a0\u00bb align=\u00a0\u00bbcenter\u00a0\u00bb align_last_edited=\u00a0\u00bboff|desktop\u00a0\u00bb _builder_version=\u00a0\u00bb4.20.2&Prime; _module_preset=\u00a0\u00bbdefault\u00a0\u00bb max_width=\u00a0\u00bb700px\u00a0\u00bb max_width_tablet=\u00a0\u00bb\u00a0\u00bb max_width_phone=\u00a0\u00bb\u00a0\u00bb max_width_last_edited=\u00a0\u00bbon|desktop\u00a0\u00bb global_colors_info=\u00a0\u00bb{}\u00a0\u00bb][\/et_pb_image][\/et_pb_column][\/et_pb_row][\/et_pb_section][et_pb_section fb_built=\u00a0\u00bb1&Prime; prev_background_color=\u00a0\u00bb#000000&Prime; admin_label=\u00a0\u00bbSection\u00a0\u00bb _builder_version=\u00a0\u00bb4.20.0&Prime; _module_preset=\u00a0\u00bbdefault\u00a0\u00bb z_index=\u00a0\u00bb3&Prime; width=\u00a0\u00bb100%\u00a0\u00bb height=\u00a0\u00bb188px\u00a0\u00bb height_tablet=\u00a0\u00bb160px\u00a0\u00bb height_phone=\u00a0\u00bb160px\u00a0\u00bb height_last_edited=\u00a0\u00bbon|desktop\u00a0\u00bb top_divider_style=\u00a0\u00bbwave2&Prime; top_divider_height=\u00a0\u00bb128px\u00a0\u00bb top_divider_repeat=\u00a0\u00bb2x\u00a0\u00bb top_divider_repeat_tablet=\u00a0\u00bb2x\u00a0\u00bb top_divider_repeat_phone=\u00a0\u00bb1x\u00a0\u00bb top_divider_repeat_last_edited=\u00a0\u00bbon|phone\u00a0\u00bb global_module=\u00a0\u00bb947&Prime; saved_tabs=\u00a0\u00bball\u00a0\u00bb global_colors_info=\u00a0\u00bb{}\u00a0\u00bb][\/et_pb_section][et_pb_section fb_built=\u00a0\u00bb1&Prime; custom_padding_last_edited=\u00a0\u00bbon|phone\u00a0\u00bb admin_label=\u00a0\u00bbSection\u00a0\u00bb module_class=\u00a0\u00bbparent-section\u00a0\u00bb _builder_version=\u00a0\u00bb4.20.0&Prime; _module_preset=\u00a0\u00bbdefault\u00a0\u00bb background_color=\u00a0\u00bb#F04A00&Prime; z_index=\u00a0\u00bb2&Prime; width=\u00a0\u00bb100%\u00a0\u00bb max_width=\u00a0\u00bb100%\u00a0\u00bb custom_margin=\u00a0\u00bb||auto||false|false\u00a0\u00bb custom_padding=\u00a0\u00bb382px||64px||false|false\u00a0\u00bb custom_padding_tablet=\u00a0\u00bb||32px||false|false\u00a0\u00bb custom_padding_phone=\u00a0\u00bb||28px||false|false\u00a0\u00bb top_divider_height=\u00a0\u00bb150px\u00a0\u00bb top_divider_repeat=\u00a0\u00bb2x\u00a0\u00bb custom_css_main_element=\u00a0\u00bbposition: fixed;||bottom: 0;||display: flex;\u00a0\u00bb global_module=\u00a0\u00bb948&Prime; saved_tabs=\u00a0\u00bball\u00a0\u00bb global_colors_info=\u00a0\u00bb{}\u00a0\u00bb][et_pb_row column_structure=\u00a0\u00bb1_3,1_3,1_3&Prime; use_custom_gutter=\u00a0\u00bbon\u00a0\u00bb gutter_width=\u00a0\u00bb1&Prime; make_equal=\u00a0\u00bbon\u00a0\u00bb custom_padding_last_edited=\u00a0\u00bbon|phone\u00a0\u00bb _builder_version=\u00a0\u00bb4.20.0&Prime; _module_preset=\u00a0\u00bbdefault\u00a0\u00bb max_width=\u00a0\u00bb1280px\u00a0\u00bb module_alignment=\u00a0\u00bbcenter\u00a0\u00bb min_height=\u00a0\u00bb100%\u00a0\u00bb custom_margin=\u00a0\u00bb||||false|false\u00a0\u00bb custom_padding=\u00a0\u00bb||||false|false\u00a0\u00bb custom_padding_tablet=\u00a0\u00bb||||false|false\u00a0\u00bb custom_padding_phone=\u00a0\u00bb||0px||false|false\u00a0\u00bb custom_css_main_element=\u00a0\u00bbalign-items: flex-end;||width: 80%;\u00a0\u00bb global_colors_info=\u00a0\u00bb{}\u00a0\u00bb][et_pb_column type=\u00a0\u00bb1_3&Prime; _builder_version=\u00a0\u00bb4.20.0&Prime; _module_preset=\u00a0\u00bbdefault\u00a0\u00bb custom_padding=\u00a0\u00bb|||20px|false|false\u00a0\u00bb custom_padding_tablet=\u00a0\u00bb|0px||0px|false|true\u00a0\u00bb custom_padding_phone=\u00a0\u00bb|0px||0px|false|true\u00a0\u00bb custom_padding_last_edited=\u00a0\u00bbon|phone\u00a0\u00bb global_colors_info=\u00a0\u00bb{}\u00a0\u00bb][et_pb_image src=\u00a0\u00bbhttps:\/\/ladigue18.com\/wp-content\/uploads\/2023\/02\/laDigue18_noir-300&#215;108.png\u00a0\u00bb title_text=\u00a0\u00bblaDigue18_noir\u00a0\u00bb align_tablet=\u00a0\u00bbcenter\u00a0\u00bb align_phone=\u00a0\u00bbcenter\u00a0\u00bb align_last_edited=\u00a0\u00bbon|desktop\u00a0\u00bb _builder_version=\u00a0\u00bb4.20.0&Prime; _module_preset=\u00a0\u00bbdefault\u00a0\u00bb width=\u00a0\u00bb176px\u00a0\u00bb width_tablet=\u00a0\u00bb176px\u00a0\u00bb width_phone=\u00a0\u00bb176px\u00a0\u00bb width_last_edited=\u00a0\u00bbon|phone\u00a0\u00bb height=\u00a0\u00bb65.2px\u00a0\u00bb custom_margin_tablet=\u00a0\u00bb||8px||false|false\u00a0\u00bb custom_margin_phone=\u00a0\u00bb||8px||false|false\u00a0\u00bb custom_margin_last_edited=\u00a0\u00bbon|phone\u00a0\u00bb border_radii=\u00a0\u00bbon|0px|0px|0px|0px\u00a0\u00bb global_colors_info=\u00a0\u00bb{}\u00a0\u00bb][\/et_pb_image][et_pb_text _builder_version=\u00a0\u00bb4.20.0&Prime; _module_preset=\u00a0\u00bbdefault\u00a0\u00bb text_text_color=\u00a0\u00bb#000000&Prime; custom_padding=\u00a0\u00bb||0px||false|false\u00a0\u00bb custom_padding_tablet=\u00a0\u00bb||32px||false|false\u00a0\u00bb custom_padding_phone=\u00a0\u00bb||32px||false|false\u00a0\u00bb custom_padding_last_edited=\u00a0\u00bbon|desktop\u00a0\u00bb text_orientation_tablet=\u00a0\u00bbcenter\u00a0\u00bb text_orientation_phone=\u00a0\u00bbcenter\u00a0\u00bb text_orientation_last_edited=\u00a0\u00bbon|desktop\u00a0\u00bb global_colors_info=\u00a0\u00bb{}\u00a0\u00bb]<\/p>\n<p>Learn, create, share. Make Waves.<\/p>\n<p>[\/et_pb_text][\/et_pb_column][et_pb_column type=\u00a0\u00bb1_3&Prime; _builder_version=\u00a0\u00bb4.20.0&Prime; _module_preset=\u00a0\u00bbdefault\u00a0\u00bb global_colors_info=\u00a0\u00bb{}\u00a0\u00bb][et_pb_text _builder_version=\u00a0\u00bb4.27.4&Prime; _module_preset=\u00a0\u00bbdefault\u00a0\u00bb text_text_color=\u00a0\u00bb#000000&Prime; link_font=\u00a0\u00bbQuicksand||||||||\u00a0\u00bb link_text_color=\u00a0\u00bb#000000&Prime; header_font=\u00a0\u00bbQuicksand||||||||\u00a0\u00bb custom_margin=\u00a0\u00bb|||16px|false|false\u00a0\u00bb custom_margin_tablet=\u00a0\u00bb|0px||0px|false|true\u00a0\u00bb custom_margin_phone=\u00a0\u00bb|0px||0px|false|true\u00a0\u00bb custom_margin_last_edited=\u00a0\u00bbon|phone\u00a0\u00bb custom_padding=\u00a0\u00bb||0px||false|false\u00a0\u00bb custom_padding_tablet=\u00a0\u00bb||32px||false|false\u00a0\u00bb custom_padding_phone=\u00a0\u00bb||32px||false|false\u00a0\u00bb custom_padding_last_edited=\u00a0\u00bbon|desktop\u00a0\u00bb text_line_height_tablet=\u00a0\u00bb1em\u00a0\u00bb text_line_height_phone=\u00a0\u00bb1em\u00a0\u00bb text_line_height_last_edited=\u00a0\u00bbon|tablet\u00a0\u00bb text_orientation_tablet=\u00a0\u00bbcenter\u00a0\u00bb text_orientation_phone=\u00a0\u00bbcenter\u00a0\u00bb text_orientation_last_edited=\u00a0\u00bbon|desktop\u00a0\u00bb global_colors_info=\u00a0\u00bb{}\u00a0\u00bb]Route de la Digue 8, 1870\u00a0Monthey<br \/>\n<a href=\"mailto:contact@ladigue18.com\">contact@ladigue18.com<\/a><\/p>\n<p><a href=\"https:\/\/ladigue18.com\/mentions-legales\" style=\"font-size:15px;\">Mentions l\u00e9gales<\/a>[\/et_pb_text][\/et_pb_column][et_pb_column type=\u00a0\u00bb1_3&Prime; admin_label=\u00a0\u00bbColumn\u00a0\u00bb _builder_version=\u00a0\u00bb4.20.0&Prime; _module_preset=\u00a0\u00bbdefault\u00a0\u00bb vertical_offset=\u00a0\u00bb0px\u00a0\u00bb custom_padding=\u00a0\u00bb|||20px|false|false\u00a0\u00bb custom_padding_tablet=\u00a0\u00bb|0px||0px|false|true\u00a0\u00bb custom_padding_phone=\u00a0\u00bb|0px||0px|false|true\u00a0\u00bb custom_padding_last_edited=\u00a0\u00bbon|desktop\u00a0\u00bb custom_css_main_element=\u00a0\u00bbdisplay: flex;||flex-direction: column;||height: 100%;||justify-content: end;\u00a0\u00bb global_colors_info=\u00a0\u00bb{}\u00a0\u00bb][et_pb_text _builder_version=\u00a0\u00bb4.20.2&Prime; _module_preset=\u00a0\u00bbdefault\u00a0\u00bb module_alignment_tablet=\u00a0\u00bbcenter\u00a0\u00bb module_alignment_phone=\u00a0\u00bbcenter\u00a0\u00bb module_alignment_last_edited=\u00a0\u00bboff|desktop\u00a0\u00bb global_colors_info=\u00a0\u00bb{}\u00a0\u00bb]<\/p>\n<div class=\"footer_social_icons\"><a href=\"https:\/\/www.facebook.com\/studioladigue18\" target=\" _blank\" rel=\"noopener\"><img decoding=\"async\" loading=\"lazy\" src=\"https:\/\/ladigue18.com\/wp-content\/uploads\/2023\/02\/facebook1.png\" alt=\"\" title=\"facebook\" class=\"wp-image-640\" style=\"float: right;\" width=\"40\" height=\"40\" \/><\/a><a href=\"http:\/\/www.instagram.com\/ladigue18\" target=\"_blank\" rel=\"noopener\"><img decoding=\"async\" loading=\"lazy\" src=\"https:\/\/ladigue18.com\/wp-content\/uploads\/2023\/02\/instagram2.png\" target=\"_blank\" alt=\"\" title=\"instagram\" class=\"wp-image-640\" width=\"40\" height=\"40\" \/><\/a><\/div>\n<p>[\/et_pb_text][et_pb_text _builder_version=\u00a0\u00bb4.20.2&Prime; _module_preset=\u00a0\u00bbdefault\u00a0\u00bb global_colors_info=\u00a0\u00bb{}\u00a0\u00bb][\/et_pb_text][\/et_pb_column][\/et_pb_row][\/et_pb_section]<\/p>\n","protected":false},"excerpt":{"rendered":"<p>ContactLa Digue 18 vous accueille dans ses locaux route de la Digue 8 \u00e0 Monthey (1870), en Suisse. D&rsquo;acc\u00e8s facile, le studio est \u00e0 2 minute de la sortie d&rsquo;autoroute Monthey\/Saint-Triphon. \u00c9galement accessible en train depuis la gare AOMC qui relie Aigle \u00e0 Monthey et Champ\u00e9ry (Portes du Soleil). Pour toute question ou demande de [&hellip;]<\/p>\n","protected":false},"author":1,"featured_media":0,"parent":0,"menu_order":0,"comment_status":"closed","ping_status":"closed","template":"","meta":{"_et_pb_use_builder":"on","_et_pb_old_content":"","_et_gb_content_width":"","footnotes":""},"class_list":["post-96","page","type-page","status-publish","hentry"],"_links":{"self":[{"href":"https:\/\/ladigue18.com\/en\/wp-json\/wp\/v2\/pages\/96","targetHints":{"allow":["GET"]}}],"collection":[{"href":"https:\/\/ladigue18.com\/en\/wp-json\/wp\/v2\/pages"}],"about":[{"href":"https:\/\/ladigue18.com\/en\/wp-json\/wp\/v2\/types\/page"}],"author":[{"embeddable":true,"href":"https:\/\/ladigue18.com\/en\/wp-json\/wp\/v2\/users\/1"}],"replies":[{"embeddable":true,"href":"https:\/\/ladigue18.com\/en\/wp-json\/wp\/v2\/comments?post=96"}],"version-history":[{"count":67,"href":"https:\/\/ladigue18.com\/en\/wp-json\/wp\/v2\/pages\/96\/revisions"}],"predecessor-version":[{"id":3418,"href":"https:\/\/ladigue18.com\/en\/wp-json\/wp\/v2\/pages\/96\/revisions\/3418"}],"wp:attachment":[{"href":"https:\/\/ladigue18.com\/en\/wp-json\/wp\/v2\/media?parent=96"}],"curies":[{"name":"wp","href":"https:\/\/api.w.org\/{rel}","templated":true}]}}