{"id":3053,"date":"2023-03-08T10:44:08","date_gmt":"2023-03-08T09:44:08","guid":{"rendered":"https:\/\/ladigue18.com\/?page_id=3053"},"modified":"2023-03-13T10:45:21","modified_gmt":"2023-03-13T09:45:21","slug":"mentions-legales","status":"publish","type":"page","link":"https:\/\/ladigue18.com\/en\/mentions-legales\/","title":{"rendered":"Terms of Use"},"content":{"rendered":"<p>[et_pb_section fb_built=\u00a0\u00bb1&Prime; custom_padding_last_edited=\u00a0\u00bbon|desktop\u00a0\u00bb admin_label=\u00a0\u00bbPAGE TITLE\u00a0\u00bb _builder_version=\u00a0\u00bb4.20.0&Prime; _module_preset=\u00a0\u00bbdefault\u00a0\u00bb background_color=\u00a0\u00bb#000000&Prime; z_index=\u00a0\u00bb3&Prime; custom_padding=\u00a0\u00bb96px||0px||false|false\u00a0\u00bb custom_padding_tablet=\u00a0\u00bb96px||0px||false|false\u00a0\u00bb custom_padding_phone=\u00a0\u00bb96px||0px||false|false\u00a0\u00bb global_colors_info=\u00a0\u00bb{}\u00a0\u00bb][et_pb_row custom_padding_last_edited=\u00a0\u00bbon|desktop\u00a0\u00bb _builder_version=\u00a0\u00bb4.20.0&Prime; _module_preset=\u00a0\u00bbdefault\u00a0\u00bb module_alignment=\u00a0\u00bbcenter\u00a0\u00bb custom_padding_tablet=\u00a0\u00bb0px|0px|0px|0px|true|true\u00a0\u00bb custom_padding_phone=\u00a0\u00bb0px|0px|0px|0px|true|true\u00a0\u00bb global_colors_info=\u00a0\u00bb{}\u00a0\u00bb][et_pb_column type=\u00a0\u00bb4_4&Prime; _builder_version=\u00a0\u00bb4.20.0&Prime; _module_preset=\u00a0\u00bbdefault\u00a0\u00bb global_colors_info=\u00a0\u00bb{}\u00a0\u00bb][et_pb_text _builder_version=\u00a0\u00bb4.20.0&Prime; _module_preset=\u00a0\u00bbdefault\u00a0\u00bb text_font=\u00a0\u00bbPhosphate Solid||||||||\u00a0\u00bb text_text_color=\u00a0\u00bb#F04A00&Prime; text_font_size=\u00a0\u00bb56px\u00a0\u00bb header_font=\u00a0\u00bb|700||on|||||\u00a0\u00bb header_text_align=\u00a0\u00bbcenter\u00a0\u00bb header_text_color=\u00a0\u00bb#F04A00&Prime; module_alignment=\u00a0\u00bbcenter\u00a0\u00bb global_colors_info=\u00a0\u00bb{}\u00a0\u00bb]<\/p>\n<h1 style=\"text-align: center;\">Mentions L\u00e9gales<\/h1>\n<p>[\/et_pb_text][\/et_pb_column][\/et_pb_row][\/et_pb_section][et_pb_section fb_built=\u00a0\u00bb1&Prime; _builder_version=\u00a0\u00bb4.20.0&Prime; _module_preset=\u00a0\u00bbdefault\u00a0\u00bb background_color=\u00a0\u00bb#000000&Prime; z_index=\u00a0\u00bb3&Prime; custom_padding=\u00a0\u00bb16px||||false|false\u00a0\u00bb global_colors_info=\u00a0\u00bb{}\u00a0\u00bb][et_pb_row _builder_version=\u00a0\u00bb4.20.0&Prime; _module_preset=\u00a0\u00bbdefault\u00a0\u00bb global_colors_info=\u00a0\u00bb{}\u00a0\u00bb][et_pb_column type=\u00a0\u00bb4_4&Prime; _builder_version=\u00a0\u00bb4.20.0&Prime; _module_preset=\u00a0\u00bbdefault\u00a0\u00bb global_colors_info=\u00a0\u00bb{}\u00a0\u00bb][et_pb_text _builder_version=\u00a0\u00bb4.20.2&Prime; _module_preset=\u00a0\u00bbdefault\u00a0\u00bb header_2_font=\u00a0\u00bb|300|||||||\u00a0\u00bb header_2_text_color=\u00a0\u00bb#F59E0B\u00a0\u00bb global_colors_info=\u00a0\u00bb{}\u00a0\u00bb]<\/p>\n<h2>\u00c9diteur<\/h2>\n<p>Studio la Digue 18<br \/>\nRepr\u00e9sent\u00e9 par Jonathan Ancel Lowden<br \/>\nRoute de la Digue 8, 1870 Monthey, Suisse<\/p>\n<p><a href=\"mailto:jo.ancel@ladigue18.com\">jo.ancel@ladigue18.com<\/a><\/p>\n<h2>Cr\u00e9ation et H\u00e9bergement du site<\/h2>\n<p>Ce site a \u00e9t\u00e9 cr\u00e9e par <a href=\"https:\/\/www.linkedin.com\/in\/karen-sido\/\" target=\"_blank\" rel=\"noopener\">Karen Sido<\/a> et est heberg\u00e9 par la soci\u00e9t\u00e9 <a href=\"https:\/\/www.infomaniak.com\/\" target=\"_blank\" rel=\"noopener\">Infomaniak<\/a>.<\/p>\n<h2>Droits d&rsquo;auteur<\/h2>\n<p>Les fichiers contenus sur ce site sont des cr\u00e9ations graphiques et intellectuelles originales prot\u00e9g\u00e9es par la loi n\u00b0 92-597 du 1\/7\/1992 relative au code de la propri\u00e9t\u00e9 intellectuelle.<\/p>\n<p>Ces cr\u00e9ations sont l&rsquo;oeuvre de :<\/p>\n<p>\u00b7 Jonathan Ancel Lowden pour le contenu,<br \/>\n\u00b7 <a href=\"https:\/\/www.mariesido.com\" target=\"_blank\" rel=\"noopener\">Marie Sido<\/a> et <a href=\"https:\/\/www.alainrithner.ch\/\" target=\"_blank\" rel=\"noopener\"><span>Alain Rithner <\/span><\/a>pour les photographies,<br \/>\n\u00b7 L&rsquo;agence <a href=\"https:\/\/le19.ch\" target=\"_blank\" rel=\"noopener\">le19<\/a> pour le logo,<br \/>\n\u00b7 Freepik sur <a href=\"https:\/\/www.flaticon.com\" target=\"_blank\" rel=\"noopener\">Flaticon<\/a> pour les icones.<\/p>\n<p>Elles demeurent la propri\u00e9t\u00e9 morale et physique de leurs auteurs et\/ou de la Digue 18. Elles ne peuvent \u00eatre modifi\u00e9es, reproduites, vendues ou r\u00e9utilis\u00e9es pour autre usage (qui est soumis au paiement de droits de reproduction) sans leur accords \u00e9crits pr\u00e9alables.[\/et_pb_text][\/et_pb_column][\/et_pb_row][et_pb_row _builder_version=\u00a0\u00bb4.20.0&Prime; _module_preset=\u00a0\u00bbdefault\u00a0\u00bb global_colors_info=\u00a0\u00bb{}\u00a0\u00bb][et_pb_column type=\u00a0\u00bb4_4&Prime; _builder_version=\u00a0\u00bb4.20.0&Prime; _module_preset=\u00a0\u00bbdefault\u00a0\u00bb global_colors_info=\u00a0\u00bb{}\u00a0\u00bb][et_pb_image src=\u00a0\u00bbhttps:\/\/ladigue18.com\/wp-content\/uploads\/2023\/02\/2021-07-21-Monthey-Shooting-Digue-18-021-square.jpg\u00a0\u00bb title_text=\u00a0\u00bbLa digue 18&Prime; align=\u00a0\u00bbcenter\u00a0\u00bb _builder_version=\u00a0\u00bb4.20.0&Prime; _module_preset=\u00a0\u00bbdefault\u00a0\u00bb width=\u00a0\u00bb200px\u00a0\u00bb max_width=\u00a0\u00bb200px\u00a0\u00bb module_alignment=\u00a0\u00bbcenter\u00a0\u00bb min_height=\u00a0\u00bb200px\u00a0\u00bb height=\u00a0\u00bb200px\u00a0\u00bb max_height=\u00a0\u00bb200px\u00a0\u00bb border_radii=\u00a0\u00bbon|100%|100%|100%|100%\u00a0\u00bb global_colors_info=\u00a0\u00bb{}\u00a0\u00bb][\/et_pb_image][\/et_pb_column][\/et_pb_row][\/et_pb_section][et_pb_section fb_built=\u00a0\u00bb1&Prime; prev_background_color=\u00a0\u00bb#000000&Prime; admin_label=\u00a0\u00bbSection\u00a0\u00bb _builder_version=\u00a0\u00bb4.20.0&Prime; _module_preset=\u00a0\u00bbdefault\u00a0\u00bb z_index=\u00a0\u00bb3&Prime; width=\u00a0\u00bb100%\u00a0\u00bb height=\u00a0\u00bb160px\u00a0\u00bb height_tablet=\u00a0\u00bb160px\u00a0\u00bb height_phone=\u00a0\u00bb160px\u00a0\u00bb height_last_edited=\u00a0\u00bbon|desktop\u00a0\u00bb top_divider_style=\u00a0\u00bbwave2&Prime; top_divider_height=\u00a0\u00bb128px\u00a0\u00bb top_divider_repeat=\u00a0\u00bb2x\u00a0\u00bb top_divider_repeat_tablet=\u00a0\u00bb2x\u00a0\u00bb top_divider_repeat_phone=\u00a0\u00bb1x\u00a0\u00bb top_divider_repeat_last_edited=\u00a0\u00bbon|phone\u00a0\u00bb global_module=\u00a0\u00bb947&Prime; saved_tabs=\u00a0\u00bball\u00a0\u00bb global_colors_info=\u00a0\u00bb{}\u00a0\u00bb][\/et_pb_section][et_pb_section fb_built=\u00a0\u00bb1&Prime; custom_padding_last_edited=\u00a0\u00bbon|phone\u00a0\u00bb admin_label=\u00a0\u00bbSection\u00a0\u00bb module_class=\u00a0\u00bbparent-section\u00a0\u00bb _builder_version=\u00a0\u00bb4.20.0&Prime; _module_preset=\u00a0\u00bbdefault\u00a0\u00bb background_color=\u00a0\u00bb#F04A00&Prime; z_index=\u00a0\u00bb2&Prime; width=\u00a0\u00bb100%\u00a0\u00bb max_width=\u00a0\u00bb100%\u00a0\u00bb custom_margin=\u00a0\u00bb||auto||false|false\u00a0\u00bb custom_padding=\u00a0\u00bb382px||64px||false|false\u00a0\u00bb custom_padding_tablet=\u00a0\u00bb||32px||false|false\u00a0\u00bb custom_padding_phone=\u00a0\u00bb||28px||false|false\u00a0\u00bb top_divider_height=\u00a0\u00bb150px\u00a0\u00bb top_divider_repeat=\u00a0\u00bb2x\u00a0\u00bb custom_css_main_element=\u00a0\u00bbposition: fixed;||bottom: 0;||display: flex;\u00a0\u00bb global_module=\u00a0\u00bb948&Prime; saved_tabs=\u00a0\u00bball\u00a0\u00bb global_colors_info=\u00a0\u00bb{}\u00a0\u00bb][et_pb_row column_structure=\u00a0\u00bb1_3,1_3,1_3&Prime; use_custom_gutter=\u00a0\u00bbon\u00a0\u00bb gutter_width=\u00a0\u00bb1&Prime; make_equal=\u00a0\u00bbon\u00a0\u00bb custom_padding_last_edited=\u00a0\u00bbon|phone\u00a0\u00bb _builder_version=\u00a0\u00bb4.20.0&Prime; _module_preset=\u00a0\u00bbdefault\u00a0\u00bb max_width=\u00a0\u00bb1280px\u00a0\u00bb module_alignment=\u00a0\u00bbcenter\u00a0\u00bb min_height=\u00a0\u00bb100%\u00a0\u00bb custom_margin=\u00a0\u00bb||||false|false\u00a0\u00bb custom_padding=\u00a0\u00bb||||false|false\u00a0\u00bb custom_padding_tablet=\u00a0\u00bb||||false|false\u00a0\u00bb custom_padding_phone=\u00a0\u00bb||0px||false|false\u00a0\u00bb custom_css_main_element=\u00a0\u00bbalign-items: flex-end;||width: 80%;\u00a0\u00bb global_colors_info=\u00a0\u00bb{}\u00a0\u00bb][et_pb_column type=\u00a0\u00bb1_3&Prime; _builder_version=\u00a0\u00bb4.20.0&Prime; _module_preset=\u00a0\u00bbdefault\u00a0\u00bb custom_padding=\u00a0\u00bb|||20px|false|false\u00a0\u00bb custom_padding_tablet=\u00a0\u00bb|0px||0px|false|true\u00a0\u00bb custom_padding_phone=\u00a0\u00bb|0px||0px|false|true\u00a0\u00bb custom_padding_last_edited=\u00a0\u00bbon|phone\u00a0\u00bb global_colors_info=\u00a0\u00bb{}\u00a0\u00bb][et_pb_image src=\u00a0\u00bbhttps:\/\/ladigue18.com\/wp-content\/uploads\/2023\/02\/laDigue18_noir-300&#215;108.png\u00a0\u00bb title_text=\u00a0\u00bblaDigue18_noir\u00a0\u00bb align_tablet=\u00a0\u00bbcenter\u00a0\u00bb align_phone=\u00a0\u00bbcenter\u00a0\u00bb align_last_edited=\u00a0\u00bbon|desktop\u00a0\u00bb _builder_version=\u00a0\u00bb4.20.0&Prime; _module_preset=\u00a0\u00bbdefault\u00a0\u00bb width=\u00a0\u00bb176px\u00a0\u00bb width_tablet=\u00a0\u00bb176px\u00a0\u00bb width_phone=\u00a0\u00bb176px\u00a0\u00bb width_last_edited=\u00a0\u00bbon|phone\u00a0\u00bb height=\u00a0\u00bb65.2px\u00a0\u00bb custom_margin_tablet=\u00a0\u00bb||8px||false|false\u00a0\u00bb custom_margin_phone=\u00a0\u00bb||8px||false|false\u00a0\u00bb custom_margin_last_edited=\u00a0\u00bbon|phone\u00a0\u00bb border_radii=\u00a0\u00bbon|0px|0px|0px|0px\u00a0\u00bb global_colors_info=\u00a0\u00bb{}\u00a0\u00bb][\/et_pb_image][et_pb_text _builder_version=\u00a0\u00bb4.20.0&Prime; _module_preset=\u00a0\u00bbdefault\u00a0\u00bb text_text_color=\u00a0\u00bb#000000&Prime; custom_padding=\u00a0\u00bb||0px||false|false\u00a0\u00bb custom_padding_tablet=\u00a0\u00bb||32px||false|false\u00a0\u00bb custom_padding_phone=\u00a0\u00bb||32px||false|false\u00a0\u00bb custom_padding_last_edited=\u00a0\u00bbon|desktop\u00a0\u00bb text_orientation_tablet=\u00a0\u00bbcenter\u00a0\u00bb text_orientation_phone=\u00a0\u00bbcenter\u00a0\u00bb text_orientation_last_edited=\u00a0\u00bbon|desktop\u00a0\u00bb global_colors_info=\u00a0\u00bb{}\u00a0\u00bb]<\/p>\n<p>Learn, create, share. Make Waves.<\/p>\n<p>[\/et_pb_text][\/et_pb_column][et_pb_column type=\u00a0\u00bb1_3&Prime; _builder_version=\u00a0\u00bb4.20.0&Prime; _module_preset=\u00a0\u00bbdefault\u00a0\u00bb global_colors_info=\u00a0\u00bb{}\u00a0\u00bb][et_pb_text _builder_version=\u00a0\u00bb4.20.0&Prime; _module_preset=\u00a0\u00bbdefault\u00a0\u00bb text_text_color=\u00a0\u00bb#000000&Prime; link_font=\u00a0\u00bbQuicksand||||||||\u00a0\u00bb link_text_color=\u00a0\u00bb#000000&Prime; header_font=\u00a0\u00bbQuicksand||||||||\u00a0\u00bb custom_margin=\u00a0\u00bb|||16px|false|false\u00a0\u00bb custom_margin_tablet=\u00a0\u00bb|0px||0px|false|true\u00a0\u00bb custom_margin_phone=\u00a0\u00bb|0px||0px|false|true\u00a0\u00bb custom_margin_last_edited=\u00a0\u00bbon|phone\u00a0\u00bb custom_padding=\u00a0\u00bb||0px||false|false\u00a0\u00bb custom_padding_tablet=\u00a0\u00bb||32px||false|false\u00a0\u00bb custom_padding_phone=\u00a0\u00bb||32px||false|false\u00a0\u00bb custom_padding_last_edited=\u00a0\u00bbon|desktop\u00a0\u00bb text_line_height_tablet=\u00a0\u00bb1em\u00a0\u00bb text_line_height_phone=\u00a0\u00bb1em\u00a0\u00bb text_line_height_last_edited=\u00a0\u00bbon|tablet\u00a0\u00bb text_orientation_tablet=\u00a0\u00bbcenter\u00a0\u00bb text_orientation_phone=\u00a0\u00bbcenter\u00a0\u00bb text_orientation_last_edited=\u00a0\u00bbon|desktop\u00a0\u00bb global_colors_info=\u00a0\u00bb{}\u00a0\u00bb]Route de la Digue 8, 1870\u00a0Monthey<br \/>\n<a href=\"mailto:jo.ancel@ladigue18.com\">jo.ancel@ladigue18.com<\/a><\/p>\n<p><a href=\"https:\/\/ladigue18.com\/mentions-legales\" style=\"font-size:15px;\">Mentions l\u00e9gales<\/a>[\/et_pb_text][\/et_pb_column][et_pb_column type=\u00a0\u00bb1_3&Prime; admin_label=\u00a0\u00bbColumn\u00a0\u00bb _builder_version=\u00a0\u00bb4.20.0&Prime; _module_preset=\u00a0\u00bbdefault\u00a0\u00bb vertical_offset=\u00a0\u00bb0px\u00a0\u00bb custom_padding=\u00a0\u00bb|||20px|false|false\u00a0\u00bb custom_padding_tablet=\u00a0\u00bb|0px||0px|false|true\u00a0\u00bb custom_padding_phone=\u00a0\u00bb|0px||0px|false|true\u00a0\u00bb custom_padding_last_edited=\u00a0\u00bbon|desktop\u00a0\u00bb custom_css_main_element=\u00a0\u00bbdisplay: flex;||flex-direction: column;||height: 100%;||justify-content: end;\u00a0\u00bb global_colors_info=\u00a0\u00bb{}\u00a0\u00bb][et_pb_text _builder_version=\u00a0\u00bb4.20.2&Prime; _module_preset=\u00a0\u00bbdefault\u00a0\u00bb hover_enabled=\u00a0\u00bb0&Prime; module_alignment_tablet=\u00a0\u00bbcenter\u00a0\u00bb module_alignment_phone=\u00a0\u00bbcenter\u00a0\u00bb module_alignment_last_edited=\u00a0\u00bboff|desktop\u00a0\u00bb global_colors_info=\u00a0\u00bb{}\u00a0\u00bb sticky_enabled=\u00a0\u00bb0&Prime;]<\/p>\n<div class=\"footer_social_icons\"><a href=\"https:\/\/www.facebook.com\/studioladigue18\" target=\" _blank\" rel=\"noopener\"><img decoding=\"async\" loading=\"lazy\" src=\"https:\/\/ladigue18.com\/wp-content\/uploads\/2023\/02\/facebook1.png\" alt=\"\" title=\"facebook\" class=\"wp-image-640\" style=\"float: right;\" width=\"40\" height=\"40\" \/><\/a><a href=\"http:\/\/www.instagram.com\/ladigue18\" target=\"_blank\" rel=\"noopener\"><img decoding=\"async\" loading=\"lazy\" src=\"https:\/\/ladigue18.com\/wp-content\/uploads\/2023\/02\/instagram2.png\" target=\"_blank\" alt=\"\" title=\"instagram\" class=\"wp-image-640\" width=\"40\" height=\"40\" \/><\/a><\/div>\n<p>[\/et_pb_text][\/et_pb_column][\/et_pb_row][\/et_pb_section]<\/p>\n","protected":false},"excerpt":{"rendered":"<p>Mentions L\u00e9gales\u00c9diteur Studio la Digue 18 Repr\u00e9sent\u00e9 par Jonathan Ancel Lowden Route de la Digue 8, 1870 Monthey, Suisse jo.ancel@ladigue18.com Cr\u00e9ation et H\u00e9bergement du site Ce site a \u00e9t\u00e9 cr\u00e9e par Karen Sido et est heberg\u00e9 par la soci\u00e9t\u00e9 Infomaniak. Droits d&rsquo;auteur Les fichiers contenus sur ce site sont des cr\u00e9ations graphiques et intellectuelles originales [&hellip;]<\/p>\n","protected":false},"author":2,"featured_media":0,"parent":0,"menu_order":0,"comment_status":"closed","ping_status":"closed","template":"","meta":{"_et_pb_use_builder":"on","_et_pb_old_content":"","_et_gb_content_width":"","footnotes":""},"class_list":["post-3053","page","type-page","status-publish","hentry"],"_links":{"self":[{"href":"https:\/\/ladigue18.com\/en\/wp-json\/wp\/v2\/pages\/3053","targetHints":{"allow":["GET"]}}],"collection":[{"href":"https:\/\/ladigue18.com\/en\/wp-json\/wp\/v2\/pages"}],"about":[{"href":"https:\/\/ladigue18.com\/en\/wp-json\/wp\/v2\/types\/page"}],"author":[{"embeddable":true,"href":"https:\/\/ladigue18.com\/en\/wp-json\/wp\/v2\/users\/2"}],"replies":[{"embeddable":true,"href":"https:\/\/ladigue18.com\/en\/wp-json\/wp\/v2\/comments?post=3053"}],"version-history":[{"count":20,"href":"https:\/\/ladigue18.com\/en\/wp-json\/wp\/v2\/pages\/3053\/revisions"}],"predecessor-version":[{"id":3236,"href":"https:\/\/ladigue18.com\/en\/wp-json\/wp\/v2\/pages\/3053\/revisions\/3236"}],"wp:attachment":[{"href":"https:\/\/ladigue18.com\/en\/wp-json\/wp\/v2\/media?parent=3053"}],"curies":[{"name":"wp","href":"https:\/\/api.w.org\/{rel}","templated":true}]}}